{"id":8,"date":"2017-01-17T23:06:56","date_gmt":"2017-01-17T23:06:56","guid":{"rendered":"http:\/\/feldenkrais-ottobrunn.de\/?page_id=8"},"modified":"2026-03-06T15:25:01","modified_gmt":"2026-03-06T15:25:01","slug":"ueber-mich-frauke-burmester","status":"publish","type":"page","link":"https:\/\/feldenkrais-ottobrunn.de\/","title":{"rendered":"\u00fcber mich &#8211; Frauke Burmester"},"content":{"rendered":"<p><a href=\"https:\/\/feldenkrais-ottobrunn.de\/wp-content\/uploads\/2024\/08\/86815CDD-6D7A-4AC6-8D0F-17B210C4D884_1_201_a.heic\"><img loading=\"lazy\" decoding=\"async\" class=\"wp-image-152  aligncenter\" src=\"https:\/\/feldenkrais-ottobrunn.de\/wp-content\/uploads\/2024\/08\/86815CDD-6D7A-4AC6-8D0F-17B210C4D884_1_201_a.heic\" alt=\"\" width=\"423\" height=\"510\" \/><\/a><\/p>\n<p>Ich bin Physiotherapeutin, Manualtherapeutin und Feldenkraisp\u00e4dagogin. Au\u00dferdem verf\u00fcge ich \u00fcber eine mehr als 20-j\u00e4hrige Berufserfahrung als Physiotherapeutin.<\/p>\n<p>Terminvereinbarungen unter:<\/p>\n<p>Tel. 0171 \/ 1678 574<\/p>\n<p>E-Mail: <a href=\"mailto:frauke.burmester@t-online.de\">frauke.burmester@t-online.de<\/a><\/p>\n<p>Praxis: Mozartstr. 66d, 85521 Ottobrunn<\/p>\n<p><img loading=\"lazy\" decoding=\"async\" class=\"alignnone size-medium wp-image-176\" src=\"https:\/\/feldenkrais-ottobrunn.de\/wp-content\/uploads\/2026\/03\/36915c24-913f-478c-9f72-0dad56e4aaae-300x225.jpg\" alt=\"\" width=\"300\" height=\"225\" srcset=\"https:\/\/feldenkrais-ottobrunn.de\/wp-content\/uploads\/2026\/03\/36915c24-913f-478c-9f72-0dad56e4aaae-300x225.jpg 300w, https:\/\/feldenkrais-ottobrunn.de\/wp-content\/uploads\/2026\/03\/36915c24-913f-478c-9f72-0dad56e4aaae.jpg 640w\" sizes=\"auto, (max-width: 300px) 100vw, 300px\" \/><\/p>\n<p>&nbsp;<\/p>\n","protected":false},"excerpt":{"rendered":"<p>Ich bin Physiotherapeutin, Manualtherapeutin und Feldenkraisp\u00e4dagogin. Au\u00dferdem verf\u00fcge ich \u00fcber eine mehr als 20-j\u00e4hrige Berufserfahrung als Physiotherapeutin. Terminvereinbarungen unter: Tel. 0171 \/ 1678 574 E-Mail: frauke.burmester@t-online.de Praxis: Mozartstr. 66d, 85521 Ottobrunn &nbsp;<\/p>\n","protected":false},"author":1,"featured_media":0,"parent":0,"menu_order":0,"comment_status":"closed","ping_status":"closed","template":"","meta":{"footnotes":""},"class_list":["post-8","page","type-page","status-publish","hentry"],"_links":{"self":[{"href":"https:\/\/feldenkrais-ottobrunn.de\/index.php?rest_route=\/wp\/v2\/pages\/8","targetHints":{"allow":["GET"]}}],"collection":[{"href":"https:\/\/feldenkrais-ottobrunn.de\/index.php?rest_route=\/wp\/v2\/pages"}],"about":[{"href":"https:\/\/feldenkrais-ottobrunn.de\/index.php?rest_route=\/wp\/v2\/types\/page"}],"author":[{"embeddable":true,"href":"https:\/\/feldenkrais-ottobrunn.de\/index.php?rest_route=\/wp\/v2\/users\/1"}],"replies":[{"embeddable":true,"href":"https:\/\/feldenkrais-ottobrunn.de\/index.php?rest_route=%2Fwp%2Fv2%2Fcomments&post=8"}],"version-history":[{"count":7,"href":"https:\/\/feldenkrais-ottobrunn.de\/index.php?rest_route=\/wp\/v2\/pages\/8\/revisions"}],"predecessor-version":[{"id":177,"href":"https:\/\/feldenkrais-ottobrunn.de\/index.php?rest_route=\/wp\/v2\/pages\/8\/revisions\/177"}],"wp:attachment":[{"href":"https:\/\/feldenkrais-ottobrunn.de\/index.php?rest_route=%2Fwp%2Fv2%2Fmedia&parent=8"}],"curies":[{"name":"wp","href":"https:\/\/api.w.org\/{rel}","templated":true}]}}